{"id":28,"date":"2018-10-12T11:56:18","date_gmt":"2018-10-12T11:56:18","guid":{"rendered":"http:\/\/static01.destec.me\/?page_id=28"},"modified":"2018-12-12T10:59:41","modified_gmt":"2018-12-12T10:59:41","slug":"impressum","status":"publish","type":"page","link":"https:\/\/wildduck1884.de\/en\/impressum\/","title":{"rendered":"Impressum"},"content":{"rendered":"\n<p>Dienstanbieter gem\u00e4\u00df \u00a7 6 TDG und\u00a0Inhaltlich Verantwortlicher gem\u00e4\u00df \u00a7 6 MDStV<br>Killer Ulrich<br>Neureuthstr. 1<br>83714 Miesbach<\/p>\n\n\n\n<p>Fotospexels, Adobe Photostock<\/p>\n\n\n\n<p>Haftung f\u00fcr InhalteDie Inhalte unserer Seiten wurden mit gr\u00f6\u00dfter Sorgfalt erstellt. F\u00fcr die Richtigkeit, Vollst\u00e4ndigkeit und Aktualit\u00e4t der Inhalte k\u00f6nnen wir jedoch keine Gew\u00e4hr \u00fcbernehmen.<br>Als Diensteanbieter sind wir gem\u00e4\u00df \u00a7 6 Abs.1 MDStV und \u00a7 8 Abs.1 TDG f\u00fcr eigene Inhalte auf diesen Seiten nach den allgemeinen Gesetzen verantwortlich. Diensteanbieter sind jedoch nicht verpflichtet, die von ihnen \u00fcbermittelten oder gespeicherten fremden Informationen zu \u00fcberwachen oder nach Umst\u00e4nden zu forschen, die auf eine rechtswidrige T\u00e4tigkeit hinweisen. Verpflichtungen zur Entfernung oder Sperrung der Nutzung von Informationen nach den allgemeinen Gesetzen bleiben hiervon unber\u00fchrt. Eine diesbez\u00fcgliche Haftung ist jedoch erst ab dem Zeitpunkt der Kenntnis einer konkreten Rechtsverletzung m\u00f6glich. Bei bekannt werden von entsprechenden Rechtsverletzungen werden wir diese Inhalte umgehend entfernen.<\/p>\n\n\n\n<p>Haftung f\u00fcr LinksUnser Angebot enth\u00e4lt Links zu externen Webseiten Dritter, auf deren Inhalte wir keinen Einfluss haben. Deshalb k\u00f6nnen wir f\u00fcr diese fremden Inhalte auch keine Gew\u00e4hr \u00fcbernehmen. F\u00fcr die Inhalte der verlinkten Seiten ist stets der jeweilige Anbieter oder Betreiber der Seiten verantwortlich. Die verlinkten Seiten wurden zum Zeitpunkt der Verlinkung auf m\u00f6gliche Rechtsverst\u00f6\u00dfe \u00fcberpr\u00fcft. Rechtswidrige Inhalte waren zum Zeitpunkt der Verlinkung nicht erkennbar. Eine permanente inhaltliche Kontrolle der verlinkten Seiten ist jedoch ohne konkrete Anhaltspunkte einer Rechtsverletzung nicht zumutbar. Bei bekannt werden von Rechtsverletzungen werden wir derartige Links umgehend entfernen.<\/p>\n\n\n\n<p>UrheberrechtDie Betreiber der Seiten sind bem\u00fcht, stets die Urheberrechte anderer zu beachten bzw. auf selbst erstellte sowie lizenzfreie Werke zur\u00fcckzugreifen.<br>Die durch die Seitenbetreiber erstellten Inhalte und Werke auf diesen Seiten unterliegen dem deutschen Urheberrecht. Beitr\u00e4ge Dritter sind als solche gekennzeichnet. Die Vervielf\u00e4ltigung, Bearbeitung, Verbreitung und jede Art der Verwertung au\u00dferhalb der Grenzen des Urheberrechtes bed\u00fcrfen der schriftlichen Zustimmung des jeweiligen Autors bzw. Erstellers. Downloads und Kopien dieser Seite sind nur f\u00fcr den privaten, nicht kommerziellen Gebrauch gestattet.<\/p>\n\n\n\n<p>DatenschutzSoweit auf unseren Seiten personenbezogene Daten (beispielsweise Name, Anschrift oder eMail-Adressen) erhoben werden, erfolgt dies soweit m\u00f6glich stets auf freiwilliger Basis. Die Nutzung der Angebote und Dienste ist, soweit m\u00f6glich, stets ohne Angabe personenbezogener Daten m\u00f6glich.<br>Quelle: Disclaimer von S\u00f6ren Siebert \u2013 Anwalt Internet<\/p>\n","protected":false},"excerpt":{"rendered":"<p>Dienstanbieter gem\u00e4\u00df \u00a7 6 TDG und\u00a0Inhaltlich Verantwortlicher gem\u00e4\u00df \u00a7 6 MDStVKiller UlrichNeureuthstr. 183714 Miesbach Fotospexels, Adobe Photostock Haftung f\u00fcr InhalteDie Inhalte unserer [&hellip;]<\/p>\n","protected":false},"author":1,"featured_media":0,"parent":0,"menu_order":0,"comment_status":"closed","ping_status":"closed","template":"","meta":{"footnotes":""},"translation":{"provider":"WPGlobus","version":"2.12.2","language":"en","enabled_languages":["de","en"],"languages":{"de":{"title":true,"content":true,"excerpt":false},"en":{"title":false,"content":false,"excerpt":false}}},"yoast_head":"<!-- This site is optimized with the Yoast SEO plugin v22.0 - https:\/\/yoast.com\/wordpress\/plugins\/seo\/ -->\n<title>Impressum - Wildduck 1884<\/title>\n<meta name=\"robots\" content=\"index, follow, max-snippet:-1, max-image-preview:large, max-video-preview:-1\" \/>\n<link rel=\"canonical\" href=\"https:\/\/wildduck1884.de\/impressum\/\" \/>\n<meta property=\"og:locale\" content=\"en_US\" \/>\n<meta property=\"og:type\" content=\"article\" \/>\n<meta property=\"og:title\" content=\"Impressum - Wildduck 1884\" \/>\n<meta property=\"og:url\" content=\"https:\/\/wildduck1884.de\/impressum\/\" \/>\n<meta property=\"og:site_name\" content=\"Wildduck 1884\" \/>\n<meta property=\"article:modified_time\" content=\"2018-12-12T10:59:41+00:00\" \/>\n<meta name=\"twitter:card\" content=\"summary_large_image\" \/>\n<meta name=\"twitter:label1\" content=\"Est. reading time\" \/>\n\t<meta name=\"twitter:data1\" content=\"2 minutes\" \/>\n<script type=\"application\/ld+json\" class=\"yoast-schema-graph\">{\"@context\":\"https:\/\/schema.org\",\"@graph\":[{\"@type\":\"WebPage\",\"@id\":\"https:\/\/wildduck1884.de\/impressum\/\",\"url\":\"https:\/\/wildduck1884.de\/impressum\/\",\"name\":\"Impressum - Wildduck 1884\",\"isPartOf\":{\"@id\":\"https:\/\/wildduck1884.de\/#website\"},\"datePublished\":\"2018-10-12T11:56:18+00:00\",\"dateModified\":\"2018-12-12T10:59:41+00:00\",\"breadcrumb\":{\"@id\":\"https:\/\/wildduck1884.de\/impressum\/#breadcrumb\"},\"inLanguage\":\"en-US\",\"potentialAction\":[{\"@type\":\"ReadAction\",\"target\":[\"https:\/\/wildduck1884.de\/impressum\/\"]}]},{\"@type\":\"BreadcrumbList\",\"@id\":\"https:\/\/wildduck1884.de\/impressum\/#breadcrumb\",\"itemListElement\":[{\"@type\":\"ListItem\",\"position\":1,\"name\":\"Startseite\",\"item\":\"https:\/\/wildduck1884.de\/\"},{\"@type\":\"ListItem\",\"position\":2,\"name\":\"Impressum\"}]},{\"@type\":\"WebSite\",\"@id\":\"https:\/\/wildduck1884.de\/#website\",\"url\":\"https:\/\/wildduck1884.de\/\",\"name\":\"Wildduck 1884\",\"description\":\"\",\"potentialAction\":[{\"@type\":\"SearchAction\",\"target\":{\"@type\":\"EntryPoint\",\"urlTemplate\":\"https:\/\/wildduck1884.de\/?s={search_term_string}\"},\"query-input\":\"required name=search_term_string\"}],\"inLanguage\":\"en-US\"}]}<\/script>\n<!-- \/ Yoast SEO plugin. -->","yoast_head_json":{"title":"Impressum - Wildduck 1884","robots":{"index":"index","follow":"follow","max-snippet":"max-snippet:-1","max-image-preview":"max-image-preview:large","max-video-preview":"max-video-preview:-1"},"canonical":"https:\/\/wildduck1884.de\/impressum\/","og_locale":"en_US","og_type":"article","og_title":"Impressum - Wildduck 1884","og_url":"https:\/\/wildduck1884.de\/impressum\/","og_site_name":"Wildduck 1884","article_modified_time":"2018-12-12T10:59:41+00:00","twitter_card":"summary_large_image","twitter_misc":{"Est. reading time":"2 minutes"},"schema":{"@context":"https:\/\/schema.org","@graph":[{"@type":"WebPage","@id":"https:\/\/wildduck1884.de\/impressum\/","url":"https:\/\/wildduck1884.de\/impressum\/","name":"Impressum - Wildduck 1884","isPartOf":{"@id":"https:\/\/wildduck1884.de\/#website"},"datePublished":"2018-10-12T11:56:18+00:00","dateModified":"2018-12-12T10:59:41+00:00","breadcrumb":{"@id":"https:\/\/wildduck1884.de\/impressum\/#breadcrumb"},"inLanguage":"en-US","potentialAction":[{"@type":"ReadAction","target":["https:\/\/wildduck1884.de\/impressum\/"]}]},{"@type":"BreadcrumbList","@id":"https:\/\/wildduck1884.de\/impressum\/#breadcrumb","itemListElement":[{"@type":"ListItem","position":1,"name":"Startseite","item":"https:\/\/wildduck1884.de\/"},{"@type":"ListItem","position":2,"name":"Impressum"}]},{"@type":"WebSite","@id":"https:\/\/wildduck1884.de\/#website","url":"https:\/\/wildduck1884.de\/","name":"Wildduck 1884","description":"","potentialAction":[{"@type":"SearchAction","target":{"@type":"EntryPoint","urlTemplate":"https:\/\/wildduck1884.de\/?s={search_term_string}"},"query-input":"required name=search_term_string"}],"inLanguage":"en-US"}]}},"_links":{"self":[{"href":"https:\/\/wildduck1884.de\/en\/wp-json\/wp\/v2\/pages\/28"}],"collection":[{"href":"https:\/\/wildduck1884.de\/en\/wp-json\/wp\/v2\/pages"}],"about":[{"href":"https:\/\/wildduck1884.de\/en\/wp-json\/wp\/v2\/types\/page"}],"author":[{"embeddable":true,"href":"https:\/\/wildduck1884.de\/en\/wp-json\/wp\/v2\/users\/1"}],"replies":[{"embeddable":true,"href":"https:\/\/wildduck1884.de\/en\/wp-json\/wp\/v2\/comments?post=28"}],"version-history":[{"count":4,"href":"https:\/\/wildduck1884.de\/en\/wp-json\/wp\/v2\/pages\/28\/revisions"}],"predecessor-version":[{"id":123,"href":"https:\/\/wildduck1884.de\/en\/wp-json\/wp\/v2\/pages\/28\/revisions\/123"}],"wp:attachment":[{"href":"https:\/\/wildduck1884.de\/en\/wp-json\/wp\/v2\/media?parent=28"}],"curies":[{"name":"wp","href":"https:\/\/api.w.org\/{rel}","templated":true}]}}